{"id":34,"date":"2025-04-08T00:27:55","date_gmt":"2025-04-07T22:27:55","guid":{"rendered":"https:\/\/p000341768.pwhost.de\/?page_id=34"},"modified":"2026-02-11T15:25:42","modified_gmt":"2026-02-11T14:25:42","slug":"home","status":"publish","type":"page","link":"https:\/\/anastasiafendelsopran.de\/","title":{"rendered":"Home"},"content":{"rendered":"\t\t<div data-elementor-type=\"wp-page\" data-elementor-id=\"34\" class=\"elementor elementor-34\">\n\t\t\t\t<div class=\"elementor-element elementor-element-b71fd59 e-flex e-con-boxed e-con e-parent\" data-id=\"b71fd59\" data-element_type=\"container\" data-e-type=\"container\" data-settings=\"{&quot;background_background&quot;:&quot;classic&quot;}\">\n\t\t\t\t\t<div class=\"e-con-inner\">\n\t\t\t\t<div class=\"elementor-element elementor-element-ae5986c elementor-widget elementor-widget-text-editor\" data-id=\"ae5986c\" data-element_type=\"widget\" data-e-type=\"widget\" data-widget_type=\"text-editor.default\">\n\t\t\t\t<div class=\"elementor-widget-container\">\n\t\t\t\t\t\t\t\t\t<h2>Operns\u00e4ngerin &#8211; Sopranistin<\/h2>\t\t\t\t\t\t\t\t<\/div>\n\t\t\t\t<\/div>\n\t\t\t\t\t<\/div>\n\t\t\t\t<\/div>\n\t\t<div class=\"elementor-element elementor-element-d5cfde3 e-flex e-con-boxed e-con e-parent\" data-id=\"d5cfde3\" data-element_type=\"container\" data-e-type=\"container\" data-settings=\"{&quot;background_background&quot;:&quot;slideshow&quot;,&quot;background_slideshow_gallery&quot;:[{&quot;id&quot;:220,&quot;url&quot;:&quot;https:\\\/\\\/anastasiafendelsopran.de\\\/wp-content\\\/uploads\\\/2025\\\/04\\\/Anastasia-Fendel_250305_KatharinaGebauer_0057-scaled-e1745443359301.jpg&quot;},{&quot;id&quot;:218,&quot;url&quot;:&quot;https:\\\/\\\/anastasiafendelsopran.de\\\/wp-content\\\/uploads\\\/2025\\\/04\\\/Anastasia-Fendel_250305_KatharinaGebauer_0053-scaled-e1745443397284.jpg&quot;},{&quot;id&quot;:226,&quot;url&quot;:&quot;https:\\\/\\\/anastasiafendelsopran.de\\\/wp-content\\\/uploads\\\/2025\\\/04\\\/Anastasia-Fendel_250305_KatharinaGebauer_0145-scaled-e1746016943477.jpg&quot;},{&quot;id&quot;:227,&quot;url&quot;:&quot;https:\\\/\\\/anastasiafendelsopran.de\\\/wp-content\\\/uploads\\\/2025\\\/04\\\/Anastasia-Fendel_250305_KatharinaGebauer_0151-scaled.jpg&quot;}],&quot;background_slideshow_loop&quot;:&quot;yes&quot;,&quot;background_slideshow_slide_duration&quot;:5000,&quot;background_slideshow_slide_transition&quot;:&quot;fade&quot;,&quot;background_slideshow_transition_duration&quot;:500}\">\n\t\t\t\t\t<div class=\"e-con-inner\">\n\t\t\t\t\t<\/div>\n\t\t\t\t<\/div>\n\t\t<div class=\"elementor-element elementor-element-ee82692 e-flex e-con-boxed e-con e-parent\" data-id=\"ee82692\" data-element_type=\"container\" data-e-type=\"container\" data-settings=\"{&quot;background_background&quot;:&quot;classic&quot;}\">\n\t\t\t\t\t<div class=\"e-con-inner\">\n\t\t\t\t<div class=\"elementor-element elementor-element-11cbe7c elementor-widget elementor-widget-spacer\" data-id=\"11cbe7c\" data-element_type=\"widget\" data-e-type=\"widget\" data-widget_type=\"spacer.default\">\n\t\t\t\t<div class=\"elementor-widget-container\">\n\t\t\t\t\t\t\t<div class=\"elementor-spacer\">\n\t\t\t<div class=\"elementor-spacer-inner\"><\/div>\n\t\t<\/div>\n\t\t\t\t\t\t<\/div>\n\t\t\t\t<\/div>\n\t\t\t\t\t<\/div>\n\t\t\t\t<\/div>\n\t\t<div class=\"elementor-element elementor-element-813a0fc e-flex e-con-boxed e-con e-parent\" data-id=\"813a0fc\" data-element_type=\"container\" data-e-type=\"container\">\n\t\t\t\t\t<div class=\"e-con-inner\">\n\t\t\t\t<div class=\"elementor-element elementor-element-065fac5 elementor-widget elementor-widget-heading\" data-id=\"065fac5\" data-element_type=\"widget\" data-e-type=\"widget\" data-widget_type=\"heading.default\">\n\t\t\t\t<div class=\"elementor-widget-container\">\n\t\t\t\t\t<h2 class=\"elementor-heading-title elementor-size-default\">Highlights<\/h2>\t\t\t\t<\/div>\n\t\t\t\t<\/div>\n\t\t\t\t\t<\/div>\n\t\t\t\t<\/div>\n\t\t<div class=\"elementor-element elementor-element-59cc1ee e-flex e-con-boxed e-con e-parent\" data-id=\"59cc1ee\" data-element_type=\"container\" data-e-type=\"container\">\n\t\t\t\t\t<div class=\"e-con-inner\">\n\t\t\t\t<div class=\"elementor-element elementor-element-73c497d elementor-arrows-position-inside elementor-pagination-position-outside elementor-widget elementor-widget-image-carousel\" data-id=\"73c497d\" data-element_type=\"widget\" data-e-type=\"widget\" data-settings=\"{&quot;navigation&quot;:&quot;both&quot;,&quot;autoplay&quot;:&quot;yes&quot;,&quot;pause_on_hover&quot;:&quot;yes&quot;,&quot;pause_on_interaction&quot;:&quot;yes&quot;,&quot;autoplay_speed&quot;:5000,&quot;infinite&quot;:&quot;yes&quot;,&quot;speed&quot;:500}\" data-widget_type=\"image-carousel.default\">\n\t\t\t\t<div class=\"elementor-widget-container\">\n\t\t\t\t\t\t\t<div class=\"elementor-image-carousel-wrapper swiper\" role=\"region\" aria-roledescription=\"carousel\" aria-label=\"Bild Karussell\" dir=\"ltr\">\n\t\t\t<div class=\"elementor-image-carousel swiper-wrapper\" aria-live=\"off\">\n\t\t\t\t\t\t\t\t<div class=\"swiper-slide\" role=\"group\" aria-roledescription=\"slide\" aria-label=\"1 von 7\"><figure class=\"swiper-slide-inner\"><img decoding=\"async\" class=\"swiper-slide-image\" src=\"https:\/\/anastasiafendelsopran.de\/wp-content\/uploads\/elementor\/thumbs\/46A7265roesslohp-rhsjps5g0vtp2ue1rx1o89wpjrmw8c0k3udo6qvngc.jpg\" alt=\"Kl\u00e4rchen - Im wei\u00dfen R\u00f6ssl 2026\" \/><figcaption class=\"elementor-image-carousel-caption\">Kl\u00e4rchen - Im wei\u00dfen R\u00f6ssl 2026<\/figcaption><\/figure><\/div><div class=\"swiper-slide\" role=\"group\" aria-roledescription=\"slide\" aria-label=\"2 von 7\"><figure class=\"swiper-slide-inner\"><img decoding=\"async\" class=\"swiper-slide-image\" src=\"https:\/\/anastasiafendelsopran.de\/wp-content\/uploads\/elementor\/thumbs\/DSC_0687-r9j33o2sarjje3c72jtkxwqojrwwu6l71xxfn8keik.jpeg\" alt=\"Hannchen - Der Vetter aus Dingsda 2025\" \/><figcaption class=\"elementor-image-carousel-caption\">Hannchen - Der Vetter aus Dingsda 2025<\/figcaption><\/figure><\/div><div class=\"swiper-slide\" role=\"group\" aria-roledescription=\"slide\" aria-label=\"3 von 7\"><figure class=\"swiper-slide-inner\"><img decoding=\"async\" class=\"swiper-slide-image\" src=\"https:\/\/anastasiafendelsopran.de\/wp-content\/uploads\/elementor\/thumbs\/2025-Schuloper-Orpheus-Bilder-\u00a9Andreas-Herold74-scaled-r4sdtdvm2nynz8o2jjke1lmqgbtklfp61pdqqcwvb0.jpg\" alt=\"Euridike - Schulopernprojekt 2025\" \/><figcaption class=\"elementor-image-carousel-caption\">Euridike - Schulopernprojekt 2025<\/figcaption><\/figure><\/div><div class=\"swiper-slide\" role=\"group\" aria-roledescription=\"slide\" aria-label=\"4 von 7\"><figure class=\"swiper-slide-inner\"><img decoding=\"async\" class=\"swiper-slide-image\" src=\"https:\/\/anastasiafendelsopran.de\/wp-content\/uploads\/elementor\/thumbs\/2024-11-12-Fledermaus-KHP1-\u00a9Andreas-Herold-63-scaled-r4scimeo2dy4dmleltvkhwg6j8b6nj1wm8z47s8yv0.jpg\" alt=\"Adele - Die Fledermaus 2024\" \/><figcaption class=\"elementor-image-carousel-caption\">Adele - Die Fledermaus 2024<\/figcaption><\/figure><\/div><div class=\"swiper-slide\" role=\"group\" aria-roledescription=\"slide\" aria-label=\"5 von 7\"><figure class=\"swiper-slide-inner\"><img decoding=\"async\" class=\"swiper-slide-image\" src=\"https:\/\/anastasiafendelsopran.de\/wp-content\/uploads\/elementor\/thumbs\/h8a0938karlundannakhp_kopie-e1745433293683-r4slq7wz2bvo5cxib5xi4826spwq3jgzji5n1wl3ss.jpg\" alt=\"Elfie - Karl und Anna 2024\" \/><figcaption class=\"elementor-image-carousel-caption\">Elfie - Karl und Anna 2024<\/figcaption><\/figure><\/div><div class=\"swiper-slide\" role=\"group\" aria-roledescription=\"slide\" aria-label=\"6 von 7\"><figure class=\"swiper-slide-inner\"><img decoding=\"async\" class=\"swiper-slide-image\" src=\"https:\/\/anastasiafendelsopran.de\/wp-content\/uploads\/elementor\/thumbs\/IMG_20231119_175354-scaled-r4sdbu82hzxz9a5kzyj3i10z9eawwu1jmuzg8exfgc.jpg\" alt=\"Gianetta - L\u00b4elisir d\u00b4amore 2023\" \/><figcaption class=\"elementor-image-carousel-caption\">Gianetta - L\u00b4elisir d\u00b4amore 2023<\/figcaption><\/figure><\/div><div class=\"swiper-slide\" role=\"group\" aria-roledescription=\"slide\" aria-label=\"7 von 7\"><figure class=\"swiper-slide-inner\"><img decoding=\"async\" class=\"swiper-slide-image\" src=\"https:\/\/anastasiafendelsopran.de\/wp-content\/uploads\/elementor\/thumbs\/IMG_20190609_000844_631-r4sdk9txthhlfbwkr3rldeev4uqgz2iuglpa8sf9mk.jpg\" alt=\"1.Knabe - Die Zauberfl\u00f6te 2018\" \/><figcaption class=\"elementor-image-carousel-caption\">1.Knabe - Die Zauberfl\u00f6te 2018<\/figcaption><\/figure><\/div>\t\t\t<\/div>\n\t\t\t\t\t\t\t\t\t\t\t\t<div class=\"elementor-swiper-button elementor-swiper-button-prev\" role=\"button\" tabindex=\"0\">\n\t\t\t\t\t\t<svg aria-hidden=\"true\" class=\"e-font-icon-svg e-eicon-chevron-left\" viewBox=\"0 0 1000 1000\" xmlns=\"http:\/\/www.w3.org\/2000\/svg\"><path d=\"M646 125C629 125 613 133 604 142L308 442C296 454 292 471 292 487 292 504 296 521 308 533L604 854C617 867 629 875 646 875 663 875 679 871 692 858 704 846 713 829 713 812 713 796 708 779 692 767L438 487 692 225C700 217 708 204 708 187 708 171 704 154 692 142 675 129 663 125 646 125Z\"><\/path><\/svg>\t\t\t\t\t<\/div>\n\t\t\t\t\t<div class=\"elementor-swiper-button elementor-swiper-button-next\" role=\"button\" tabindex=\"0\">\n\t\t\t\t\t\t<svg aria-hidden=\"true\" class=\"e-font-icon-svg e-eicon-chevron-right\" viewBox=\"0 0 1000 1000\" xmlns=\"http:\/\/www.w3.org\/2000\/svg\"><path d=\"M696 533C708 521 713 504 713 487 713 471 708 454 696 446L400 146C388 133 375 125 354 125 338 125 325 129 313 142 300 154 292 171 292 187 292 204 296 221 308 233L563 492 304 771C292 783 288 800 288 817 288 833 296 850 308 863 321 871 338 875 354 875 371 875 388 867 400 854L696 533Z\"><\/path><\/svg>\t\t\t\t\t<\/div>\n\t\t\t\t\n\t\t\t\t\t\t\t\t\t<div class=\"swiper-pagination\"><\/div>\n\t\t\t\t\t\t\t\t\t<\/div>\n\t\t\t\t\t\t<\/div>\n\t\t\t\t<\/div>\n\t\t\t\t\t<\/div>\n\t\t\t\t<\/div>\n\t\t<div class=\"elementor-element elementor-element-921e903 e-flex e-con-boxed e-con e-parent\" data-id=\"921e903\" data-element_type=\"container\" data-e-type=\"container\">\n\t\t\t\t\t<div class=\"e-con-inner\">\n\t\t\t\t<div class=\"elementor-element elementor-element-cedbeca elementor-widget elementor-widget-text-editor\" data-id=\"cedbeca\" data-element_type=\"widget\" data-e-type=\"widget\" data-widget_type=\"text-editor.default\">\n\t\t\t\t<div class=\"elementor-widget-container\">\n\t\t\t\t\t\t\t\t\t<p>mehr unter Media<\/p>\t\t\t\t\t\t\t\t<\/div>\n\t\t\t\t<\/div>\n\t\t\t\t\t<\/div>\n\t\t\t\t<\/div>\n\t\t<div class=\"elementor-element elementor-element-1a31c98 e-flex e-con-boxed e-con e-parent\" data-id=\"1a31c98\" data-element_type=\"container\" data-e-type=\"container\">\n\t\t\t\t\t<div class=\"e-con-inner\">\n\t\t\t\t<div class=\"elementor-element elementor-element-2730820 elementor-align-center elementor-widget elementor-widget-button\" data-id=\"2730820\" data-element_type=\"widget\" data-e-type=\"widget\" data-widget_type=\"button.default\">\n\t\t\t\t<div class=\"elementor-widget-container\">\n\t\t\t\t\t\t\t\t\t<div class=\"elementor-button-wrapper\">\n\t\t\t\t\t<a class=\"elementor-button elementor-button-link elementor-size-sm\" href=\"https:\/\/anastasiafendelsopran.de\/?page_id=30\">\n\t\t\t\t\t\t<span class=\"elementor-button-content-wrapper\">\n\t\t\t\t\t\t\t\t\t<span class=\"elementor-button-text\">zu Media<\/span>\n\t\t\t\t\t<\/span>\n\t\t\t\t\t<\/a>\n\t\t\t\t<\/div>\n\t\t\t\t\t\t\t\t<\/div>\n\t\t\t\t<\/div>\n\t\t\t\t\t<\/div>\n\t\t\t\t<\/div>\n\t\t<div class=\"elementor-element elementor-element-5c32707 e-flex e-con-boxed e-con e-parent\" data-id=\"5c32707\" data-element_type=\"container\" data-e-type=\"container\" data-settings=\"{&quot;background_background&quot;:&quot;classic&quot;}\">\n\t\t\t\t\t<div class=\"e-con-inner\">\n\t\t\t\t<div class=\"elementor-element elementor-element-beaf074 elementor-widget elementor-widget-heading\" data-id=\"beaf074\" data-element_type=\"widget\" data-e-type=\"widget\" data-widget_type=\"heading.default\">\n\t\t\t\t<div class=\"elementor-widget-container\">\n\t\t\t\t\t<h2 class=\"elementor-heading-title elementor-size-default\">Presse<\/h2>\t\t\t\t<\/div>\n\t\t\t\t<\/div>\n\t\t\t\t\t<\/div>\n\t\t\t\t<\/div>\n\t\t<div class=\"elementor-element elementor-element-972fa84 e-flex e-con-boxed e-con e-parent\" data-id=\"972fa84\" data-element_type=\"container\" data-e-type=\"container\" data-settings=\"{&quot;background_background&quot;:&quot;classic&quot;}\">\n\t\t\t\t\t<div class=\"e-con-inner\">\n\t\t<div class=\"elementor-element elementor-element-8a939c2 e-con-full e-flex e-con e-child\" data-id=\"8a939c2\" data-element_type=\"container\" data-e-type=\"container\">\n\t\t\t\t<div class=\"elementor-element elementor-element-e064b21 elementor-widget elementor-widget-text-editor\" data-id=\"e064b21\" data-element_type=\"widget\" data-e-type=\"widget\" data-widget_type=\"text-editor.default\">\n\t\t\t\t<div class=\"elementor-widget-container\">\n\t\t\t\t\t\t\t\t\t<p>&#8222;&#8230;auch das kesse Stubenm\u00e4dchen Adele, Anatasia Fendel, begabt mit Durchblick und toller Stimme, m\u00f6chte sich ab und zu ungest\u00f6rt vergn\u00fcgen, so beim Ball bei Orlowsky&#8230;&#8220;<\/p><p>Renate Freyeisen: O-Ton.online 22.11.2024<\/p><p><blockquote class=\"wp-embedded-content\" data-secret=\"EjpUTu8Q97\"><a href=\"https:\/\/o-ton.online\/aktuelle_auffuehrung\/o-ton-wuerzburg-fledermaus-freyeisen-241122\/\">Gelungener Spa\u00df<\/a><\/blockquote><iframe class=\"wp-embedded-content\" sandbox=\"allow-scripts\" security=\"restricted\" style=\"position: absolute; visibility: hidden;\" title=\"&#8222;Gelungener Spa\u00df&#8220; &#8212; O-Ton\" src=\"https:\/\/o-ton.online\/aktuelle_auffuehrung\/o-ton-wuerzburg-fledermaus-freyeisen-241122\/embed\/#?secret=p8v4CNil8d#?secret=EjpUTu8Q97\" data-secret=\"EjpUTu8Q97\" width=\"600\" height=\"338\" frameborder=\"0\" marginwidth=\"0\" marginheight=\"0\" scrolling=\"no\"><\/iframe><\/p>\t\t\t\t\t\t\t\t<\/div>\n\t\t\t\t<\/div>\n\t\t\t\t<\/div>\n\t\t<div class=\"elementor-element elementor-element-127ae01 e-con-full e-flex e-con e-child\" data-id=\"127ae01\" data-element_type=\"container\" data-e-type=\"container\">\n\t\t\t\t<div class=\"elementor-element elementor-element-d1d5711 elementor-widget elementor-widget-text-editor\" data-id=\"d1d5711\" data-element_type=\"widget\" data-e-type=\"widget\" data-widget_type=\"text-editor.default\">\n\t\t\t\t<div class=\"elementor-widget-container\">\n\t\t\t\t\t\t\t\t\t<p>&#8222;&#8230;erscheint Adele, die hier eine grandiose Vorstellung ihres Talents liefert bei Spiel ich die Unschuld vom Lande, dabei alle Register ihres Darstellungsk\u00f6nnens zieht und imponiert mit ihrem kr\u00e4ftig-klaren, unangestrengten, in H\u00f6he wie Ausdruck gl\u00e4nzenden Sopran &#8211; bravour\u00f6se Leistung. &#8230;&#8220;<\/p><p>Renate Freyeisen: O-Ton.online 22.11.2024<\/p><p><blockquote class=\"wp-embedded-content\" data-secret=\"EjpUTu8Q97\"><a href=\"https:\/\/o-ton.online\/aktuelle_auffuehrung\/o-ton-wuerzburg-fledermaus-freyeisen-241122\/\">Gelungener Spa\u00df<\/a><\/blockquote><iframe class=\"wp-embedded-content\" sandbox=\"allow-scripts\" security=\"restricted\" style=\"position: absolute; visibility: hidden;\" title=\"&#8222;Gelungener Spa\u00df&#8220; &#8212; O-Ton\" src=\"https:\/\/o-ton.online\/aktuelle_auffuehrung\/o-ton-wuerzburg-fledermaus-freyeisen-241122\/embed\/#?secret=p8v4CNil8d#?secret=EjpUTu8Q97\" data-secret=\"EjpUTu8Q97\" width=\"600\" height=\"338\" frameborder=\"0\" marginwidth=\"0\" marginheight=\"0\" scrolling=\"no\"><\/iframe><\/p>\t\t\t\t\t\t\t\t<\/div>\n\t\t\t\t<\/div>\n\t\t\t\t<\/div>\n\t\t\t\t\t<\/div>\n\t\t\t\t<\/div>\n\t\t<div class=\"elementor-element elementor-element-f0b36af e-con-full e-flex e-con e-parent\" data-id=\"f0b36af\" data-element_type=\"container\" data-e-type=\"container\">\n\t\t<div class=\"elementor-element elementor-element-db8d165 e-con-full e-flex e-con e-child\" data-id=\"db8d165\" data-element_type=\"container\" data-e-type=\"container\">\n\t\t\t\t<div class=\"elementor-element elementor-element-ac5e8ad elementor-widget elementor-widget-text-editor\" data-id=\"ac5e8ad\" data-element_type=\"widget\" data-e-type=\"widget\" data-widget_type=\"text-editor.default\">\n\t\t\t\t<div class=\"elementor-widget-container\">\n\t\t\t\t\t\t\t\t\t<p>&#8222;&#8230;Anastasia Fendel als Stubenm\u00e4dchen Adele alias K\u00fcnstlerin Olga kann nicht nur brillant Soubrette mit Spitzent\u00f6nen; sie spielt auch mit verf\u00fchrerischer Eleganz. &#8230;&#8220;<\/p><p>\u00a0<a class=\"typo-author-link text-typo dark:text-gray-1-dark group-[.bg-brand]:text-white-always\" href=\"https:\/\/www.mainpost.de\/autoren\/elke-tober-vogt-3613\">Elke Tober-Vogt<\/a>: Mainpost 29.11.2024<\/p><p><a href=\"https:\/\/www.mainpost.de\/regional\/wuerzburg\/operettenfest-mit-hintersinn-opernschule-der-musikhochschule-zeigt-die-fledermaus-mit-glaenzend-besetztem-ensemble-art-11662981\">https:\/\/www.mainpost.de\/regional\/wuerzburg\/operettenfest-mit-hintersinn-opernschule-der-musikhochschule-zeigt-die-fledermaus-mit-glaenzend-besetztem-ensemble-art-11662981<\/a><\/p>\t\t\t\t\t\t\t\t<\/div>\n\t\t\t\t<\/div>\n\t\t\t\t<\/div>\n\t\t<div class=\"elementor-element elementor-element-1124de7 e-con-full e-flex e-con e-child\" data-id=\"1124de7\" data-element_type=\"container\" data-e-type=\"container\">\n\t\t\t\t<div class=\"elementor-element elementor-element-6e228ec elementor-widget elementor-widget-text-editor\" data-id=\"6e228ec\" data-element_type=\"widget\" data-e-type=\"widget\" data-widget_type=\"text-editor.default\">\n\t\t\t\t<div class=\"elementor-widget-container\">\n\t\t\t\t\t\t\t\t\t<p>&#8222;&#8230;Eine weitere gro\u00dfartige Profi-Stimme kam von Anastasia Fendel in der Rolle der Gianetta. Sie berichtet von einer Erbschaft Nemorinos&#8230;&#8220;<\/p><p>Ulrike Osman: Merkur.de 07.11.2023<\/p><p><a href=\"https:\/\/www.merkur.de\/lokales\/fuerstenfeldbruck\/fuerstenfeldbruck-ort65548\/fuerstenfeldbruck-ein-ganzes-dorf-vom-liebestrank-verzaubert-92658009.html\">https:\/\/www.merkur.de\/lokales\/fuerstenfeldbruck\/fuerstenfeldbruck-ort65548\/fuerstenfeldbruck-ein-ganzes-dorf-vom-liebestrank-verzaubert-92658009.html\u00a0<\/a><\/p>\t\t\t\t\t\t\t\t<\/div>\n\t\t\t\t<\/div>\n\t\t\t\t<\/div>\n\t\t\t\t<\/div>\n\t\t<div class=\"elementor-element elementor-element-14d100b e-flex e-con-boxed e-con e-parent\" data-id=\"14d100b\" data-element_type=\"container\" data-e-type=\"container\" data-settings=\"{&quot;background_background&quot;:&quot;classic&quot;}\">\n\t\t\t\t\t<div class=\"e-con-inner\">\n\t\t\t\t<div class=\"elementor-element elementor-element-f138224 elementor-widget elementor-widget-spacer\" data-id=\"f138224\" data-element_type=\"widget\" data-e-type=\"widget\" data-widget_type=\"spacer.default\">\n\t\t\t\t<div class=\"elementor-widget-container\">\n\t\t\t\t\t\t\t<div class=\"elementor-spacer\">\n\t\t\t<div class=\"elementor-spacer-inner\"><\/div>\n\t\t<\/div>\n\t\t\t\t\t\t<\/div>\n\t\t\t\t<\/div>\n\t\t\t\t\t<\/div>\n\t\t\t\t<\/div>\n\t\t<div class=\"elementor-element elementor-element-d1a3591 e-flex e-con-boxed e-con e-parent\" data-id=\"d1a3591\" data-element_type=\"container\" data-e-type=\"container\" data-settings=\"{&quot;background_background&quot;:&quot;classic&quot;}\">\n\t\t\t\t\t<div class=\"e-con-inner\">\n\t\t\t\t<div class=\"elementor-element elementor-element-5f2e556 elementor-widget elementor-widget-text-editor\" data-id=\"5f2e556\" data-element_type=\"widget\" data-e-type=\"widget\" data-widget_type=\"text-editor.default\">\n\t\t\t\t<div class=\"elementor-widget-container\">\n\t\t\t\t\t\t\t\t\t<p>Fotos: Katharina Gebauer<\/p>\t\t\t\t\t\t\t\t<\/div>\n\t\t\t\t<\/div>\n\t\t\t\t\t<\/div>\n\t\t\t\t<\/div>\n\t\t<div class=\"elementor-element elementor-element-ee66bfe e-flex e-con-boxed e-con e-parent\" data-id=\"ee66bfe\" data-element_type=\"container\" data-e-type=\"container\" data-settings=\"{&quot;background_background&quot;:&quot;classic&quot;}\">\n\t\t\t\t\t<div class=\"e-con-inner\">\n\t\t\t\t<div class=\"elementor-element elementor-element-abc2ba0 elementor-widget elementor-widget-spacer\" data-id=\"abc2ba0\" data-element_type=\"widget\" data-e-type=\"widget\" data-widget_type=\"spacer.default\">\n\t\t\t\t<div class=\"elementor-widget-container\">\n\t\t\t\t\t\t\t<div class=\"elementor-spacer\">\n\t\t\t<div class=\"elementor-spacer-inner\"><\/div>\n\t\t<\/div>\n\t\t\t\t\t\t<\/div>\n\t\t\t\t<\/div>\n\t\t\t\t\t<\/div>\n\t\t\t\t<\/div>\n\t\t<div class=\"elementor-element elementor-element-d446026 e-flex e-con-boxed e-con e-parent\" data-id=\"d446026\" data-element_type=\"container\" data-e-type=\"container\" data-settings=\"{&quot;background_background&quot;:&quot;classic&quot;}\">\n\t\t\t\t\t<div class=\"e-con-inner\">\n\t\t\t\t<div class=\"elementor-element elementor-element-b6c1f32 elementor-widget elementor-widget-wpzoom-social-icons-widget-cpt\" data-id=\"b6c1f32\" data-element_type=\"widget\" data-e-type=\"widget\" data-widget_type=\"wpzoom-social-icons-widget-cpt.default\">\n\t\t\t\t<div class=\"elementor-widget-container\">\n\t\t\t\t\t<div class=\"wpzoom-social-icons-post-shortcode\"><section class=\"zoom-social-icons-shortcode\">\n\t\t\n<ul class=\"zoom-social-icons-list zoom-social-icons-list--with-canvas zoom-social-icons-list--round zoom-social-icons-list--no-labels\">\n\n\t\t\n\t\t\t\t<li class=\"zoom-social_icons-list__item\">\n\t\t<a class=\"zoom-social_icons-list__link\" href=\"https:\/\/www.instagram.com\/anastasia_sopran\/\" target=\"_blank\" title=\"Instagram\" >\n\t\t\t\t\t\t\t\t\t\n\t\t\t\t\t\t<span class=\"screen-reader-text\">instagram<\/span>\n\t\t\t\n\t\t\t\t\t\t<span class=\"zoom-social_icons-list-span social-icon socicon socicon-instagram\" data-hover-rule=\"background-color\" data-hover-color=\"#e4405f\" style=\"background-color : #e4405f; font-size: 18px; padding:8px\" ><\/span>\n\t\t\t\n\t\t\t\t\t<\/a>\n\t<\/li>\n\n\t\n\t\t\t\t<li class=\"zoom-social_icons-list__item\">\n\t\t<a class=\"zoom-social_icons-list__link\" href=\"https:\/\/www.facebook.com\/himbeere.himbeerchen?rdid=9ixCH5nGwJFdAg6Z&#038;share_url=https%3A%2F%2Fwww.facebook.com%2Fshare%2F1A9ha4gvhx%2F#\" target=\"_blank\" title=\"Youtube\" >\n\t\t\t\t\t\t\t\t\t\n\t\t\t\t\t\t<span class=\"screen-reader-text\">facebook<\/span>\n\t\t\t\n\t\t\t\t\t\t<span class=\"zoom-social_icons-list-span social-icon socicon socicon-facebook\" data-hover-rule=\"background-color\" data-hover-color=\"#0866FF\" style=\"background-color : #0866FF; font-size: 18px; padding:8px\" ><\/span>\n\t\t\t\n\t\t\t\t\t<\/a>\n\t<\/li>\n\n\t\n\t\t\t\t<li class=\"zoom-social_icons-list__item\">\n\t\t<a class=\"zoom-social_icons-list__link\" href=\"https:\/\/www.youtube.com\/@anastasiasoprano\" target=\"_blank\" title=\"Youtube\" >\n\t\t\t\t\t\t\t\t\t\n\t\t\t\t\t\t<span class=\"screen-reader-text\">youtube<\/span>\n\t\t\t\n\t\t\t\t\t\t<span class=\"zoom-social_icons-list-span social-icon socicon socicon-youtube\" data-hover-rule=\"background-color\" data-hover-color=\"#e02a20\" style=\"background-color : #e02a20; font-size: 18px; padding:8px\" ><\/span>\n\t\t\t\n\t\t\t\t\t<\/a>\n\t<\/li>\n\n\t\n<\/ul>\n\n\t\t<\/section><\/div>\t\t\t\t<\/div>\n\t\t\t\t<\/div>\n\t\t\t\t\t<\/div>\n\t\t\t\t<\/div>\n\t\t\t\t<\/div>\n\t\t","protected":false},"excerpt":{"rendered":"<p>Operns\u00e4ngerin &#8211; Sopranistin Highlights Kl\u00e4rchen &#8211; Im wei\u00dfen R\u00f6ssl 2026 Hannchen &#8211; Der Vetter aus Dingsda 2025 Euridike &#8211; Schulopernprojekt 2025 Adele &#8211; Die Fledermaus 2024 Elfie &#8211; Karl und Anna 2024 Gianetta &#8211; L\u00b4elisir d\u00b4amore 2023 1.Knabe &#8211; Die Zauberfl\u00f6te 2018 mehr unter Media zu Media Presse &#8222;&#8230;auch das kesse Stubenm\u00e4dchen Adele, Anatasia Fendel, [&hellip;]<\/p>\n","protected":false},"author":1,"featured_media":0,"parent":0,"menu_order":0,"comment_status":"closed","ping_status":"closed","template":"elementor_header_footer","meta":{"footnotes":""},"class_list":["post-34","page","type-page","status-publish","hentry"],"_links":{"self":[{"href":"https:\/\/anastasiafendelsopran.de\/index.php?rest_route=\/wp\/v2\/pages\/34","targetHints":{"allow":["GET"]}}],"collection":[{"href":"https:\/\/anastasiafendelsopran.de\/index.php?rest_route=\/wp\/v2\/pages"}],"about":[{"href":"https:\/\/anastasiafendelsopran.de\/index.php?rest_route=\/wp\/v2\/types\/page"}],"author":[{"embeddable":true,"href":"https:\/\/anastasiafendelsopran.de\/index.php?rest_route=\/wp\/v2\/users\/1"}],"replies":[{"embeddable":true,"href":"https:\/\/anastasiafendelsopran.de\/index.php?rest_route=%2Fwp%2Fv2%2Fcomments&post=34"}],"version-history":[{"count":262,"href":"https:\/\/anastasiafendelsopran.de\/index.php?rest_route=\/wp\/v2\/pages\/34\/revisions"}],"predecessor-version":[{"id":1679,"href":"https:\/\/anastasiafendelsopran.de\/index.php?rest_route=\/wp\/v2\/pages\/34\/revisions\/1679"}],"wp:attachment":[{"href":"https:\/\/anastasiafendelsopran.de\/index.php?rest_route=%2Fwp%2Fv2%2Fmedia&parent=34"}],"curies":[{"name":"wp","href":"https:\/\/api.w.org\/{rel}","templated":true}]}}